{"id":4029,"date":"2024-05-14T16:11:25","date_gmt":"2024-05-14T14:11:25","guid":{"rendered":"https:\/\/torga.pl\/datenschutzrichtlinie\/"},"modified":"2025-12-15T14:32:59","modified_gmt":"2025-12-15T13:32:59","slug":"datenschutzrichtlinie","status":"publish","type":"page","link":"https:\/\/torga.pl\/de\/datenschutzrichtlinie\/","title":{"rendered":"Datenschutzrichtlinie"},"content":{"rendered":"\t\t<div data-elementor-type=\"wp-page\" data-elementor-id=\"4029\" class=\"elementor elementor-4029 elementor-911\">\n\t\t\t\t<div class=\"elementor-element elementor-element-972178f e-grid e-con-boxed e-con e-parent\" data-id=\"972178f\" data-element_type=\"container\" data-e-type=\"container\">\n\t\t\t\t\t<div class=\"e-con-inner\">\n\t\t\t\t<div class=\"elementor-element elementor-element-27d47f4 elementor-widget elementor-widget-heading\" data-id=\"27d47f4\" data-element_type=\"widget\" data-e-type=\"widget\" data-widget_type=\"heading.default\">\n\t\t\t\t<div class=\"elementor-widget-container\">\n\t\t\t\t\t<h1 class=\"elementor-heading-title elementor-size-default\">Datenschutzrichtlinie<\/h1>\t\t\t\t<\/div>\n\t\t\t\t<\/div>\n\t\t\t\t\t<\/div>\n\t\t\t\t<\/div>\n\t\t<div class=\"elementor-element elementor-element-0d55713 e-flex e-con-boxed e-con e-parent\" data-id=\"0d55713\" data-element_type=\"container\" data-e-type=\"container\">\n\t\t\t\t\t<div class=\"e-con-inner\">\n\t\t\t\t<div class=\"elementor-element elementor-element-46e4f33 elementor-widget elementor-widget-heading\" data-id=\"46e4f33\" data-element_type=\"widget\" data-e-type=\"widget\" data-widget_type=\"heading.default\">\n\t\t\t\t<div class=\"elementor-widget-container\">\n\t\t\t\t\t<h2 class=\"elementor-heading-title elementor-size-default\">Allgemeine Bestimmungen<\/h2>\t\t\t\t<\/div>\n\t\t\t\t<\/div>\n\t\t\t\t<div class=\"elementor-element elementor-element-6adcc98 elementor-widget elementor-widget-text-editor\" data-id=\"6adcc98\" data-element_type=\"widget\" data-e-type=\"widget\" data-widget_type=\"text-editor.default\">\n\t\t\t\t<div class=\"elementor-widget-container\">\n\t\t\t\t\t\t\t\t\t<ol class=\"ms-0\"><li>Die Datenschutzerkl\u00e4rung legt fest, wie die personenbezogenen Daten der Nutzer, die f\u00fcr die Erbringung elektronischer Dienstleistungen \u00fcber die Website [www.torga.pl] (im Folgenden: die Website) erforderlich sind, erhoben, verarbeitet und gespeichert werden.<\/li><li>Die Website erhebt ausschlie\u00dflich personenbezogene Daten, die f\u00fcr die Erbringung und Weiterentwicklung der dort angebotenen Dienste erforderlich sind.<\/li><li>Die \u00fcber die Website erhobenen personenbezogenen Daten werden gem\u00e4\u00df der Verordnung (EU) 2016\/679 des Europ\u00e4ischen Parlaments und des Rates vom 27. April 2016 zum Schutz nat\u00fcrlicher Personen bei der Verarbeitung personenbezogener Daten, zum freien Datenverkehr und zur Aufhebung der Richtlinie 95\/46\/EG (Datenschutz-Grundverordnung, im Folgenden DSGVO) sowie dem Gesetz zum Schutz personenbezogener Daten vom 10. Mai 2018 verarbeitet. <\/li><\/ol>\t\t\t\t\t\t\t\t<\/div>\n\t\t\t\t<\/div>\n\t\t\t\t\t<\/div>\n\t\t\t\t<\/div>\n\t\t<div class=\"elementor-element elementor-element-4bad790 e-flex e-con-boxed e-con e-parent\" data-id=\"4bad790\" data-element_type=\"container\" data-e-type=\"container\">\n\t\t\t\t\t<div class=\"e-con-inner\">\n\t\t\t\t<div class=\"elementor-element elementor-element-c3003bd elementor-widget elementor-widget-heading\" data-id=\"c3003bd\" data-element_type=\"widget\" data-e-type=\"widget\" data-widget_type=\"heading.default\">\n\t\t\t\t<div class=\"elementor-widget-container\">\n\t\t\t\t\t<h2 class=\"elementor-heading-title elementor-size-default\">Datenverantwortlicher<\/h2>\t\t\t\t<\/div>\n\t\t\t\t<\/div>\n\t\t\t\t<div class=\"elementor-element elementor-element-b6cdf8a elementor-widget elementor-widget-text-editor\" data-id=\"b6cdf8a\" data-element_type=\"widget\" data-e-type=\"widget\" data-widget_type=\"text-editor.default\">\n\t\t\t\t<div class=\"elementor-widget-container\">\n\t\t\t\t\t\t\t\t\t<p>Verantwortlicher f\u00fcr die \u00fcber die Website erhobenen personenbezogenen Daten ist TORGA Sp. z o.o., Adresse: ul. Kurkowa 28 A, 50-210 Wroc\u0142aw, NIP: 8982326166, E-Mail-Adresse: info@torga.pl (im Folgenden: der Verantwortliche).  <\/p>\t\t\t\t\t\t\t\t<\/div>\n\t\t\t\t<\/div>\n\t\t\t\t\t<\/div>\n\t\t\t\t<\/div>\n\t\t<div class=\"elementor-element elementor-element-0b43abe e-flex e-con-boxed e-con e-parent\" data-id=\"0b43abe\" data-element_type=\"container\" data-e-type=\"container\">\n\t\t\t\t\t<div class=\"e-con-inner\">\n\t\t\t\t<div class=\"elementor-element elementor-element-e1377b0 elementor-widget elementor-widget-heading\" data-id=\"e1377b0\" data-element_type=\"widget\" data-e-type=\"widget\" data-widget_type=\"heading.default\">\n\t\t\t\t<div class=\"elementor-widget-container\">\n\t\t\t\t\t<h2 class=\"elementor-heading-title elementor-size-default\">Zweck der Erhebung personenbezogener Daten<\/h2>\t\t\t\t<\/div>\n\t\t\t\t<\/div>\n\t\t\t\t<div class=\"elementor-element elementor-element-467f8d8 elementor-widget elementor-widget-text-editor\" data-id=\"467f8d8\" data-element_type=\"widget\" data-e-type=\"widget\" data-widget_type=\"text-editor.default\">\n\t\t\t\t<div class=\"elementor-widget-container\">\n\t\t\t\t\t\t\t\t\t<ol class=\"ms-0 mb-0\" start=\"1\">\n \t<li class=\"mb-0\">Personenbezogene Daten werden zu folgenden Zwecken verwendet:<\/li>\n\n<\/ol><ul class=\"ms-3\">\n \t<li>Kommunikation mit dem Nutzer (Kontaktformular usw.)<\/li>\n \t<li>Versand des Newsletters (nach Zustimmung des Nutzers zum Empfang),<\/li>\n \t<li>Erbringung von Social-Media-Diensten,<\/li>\n \t<li>Bewerbung des Angebots des Verantwortlichen,<\/li>\n \t<li>Marketing, Remarketing, Affiliate-Marketing,<\/li>\n \t<li>Personalisierung der Website f\u00fcr die Nutzer,<\/li>\n \t<li>analytische und statistische Zwecke,<\/li>\n \t<li>Geltendmachung und Abwehr von Anspr\u00fcchen.<\/li>\n<\/ul>\n<li>\nDie Angabe der Daten ist freiwillig, jedoch f\u00fcr den Vertragsabschluss oder die Nutzung anderer Funktionen der Website unerl\u00e4sslich.\n<\/li>\n\n\t\t\t\t\t\t\t\t<\/div>\n\t\t\t\t<\/div>\n\t\t\t\t\t<\/div>\n\t\t\t\t<\/div>\n\t\t<div class=\"elementor-element elementor-element-f649b5a e-flex e-con-boxed e-con e-parent\" data-id=\"f649b5a\" data-element_type=\"container\" data-e-type=\"container\">\n\t\t\t\t\t<div class=\"e-con-inner\">\n\t\t\t\t<div class=\"elementor-element elementor-element-9c4fad2 elementor-widget elementor-widget-heading\" data-id=\"9c4fad2\" data-element_type=\"widget\" data-e-type=\"widget\" data-widget_type=\"heading.default\">\n\t\t\t\t<div class=\"elementor-widget-container\">\n\t\t\t\t\t<h2 class=\"elementor-heading-title elementor-size-default\">Art der verarbeiteten personenbezogenen Daten<\/h2>\t\t\t\t<\/div>\n\t\t\t\t<\/div>\n\t\t\t\t<div class=\"elementor-element elementor-element-c1fe5ad elementor-widget elementor-widget-text-editor\" data-id=\"c1fe5ad\" data-element_type=\"widget\" data-e-type=\"widget\" data-widget_type=\"text-editor.default\">\n\t\t\t\t<div class=\"elementor-widget-container\">\n\t\t\t\t\t\t\t\t\t<p>Der Verantwortliche kann folgende personenbezogene Daten des Nutzers verarbeiten: Vor- und Nachname, Geburtsdatum, Wohnadresse, E-Mail-Adresse, Telefonnummer, NIP.<\/p>\t\t\t\t\t\t\t\t<\/div>\n\t\t\t\t<\/div>\n\t\t\t\t\t<\/div>\n\t\t\t\t<\/div>\n\t\t<div class=\"elementor-element elementor-element-d307b49 e-flex e-con-boxed e-con e-parent\" data-id=\"d307b49\" data-element_type=\"container\" data-e-type=\"container\">\n\t\t\t\t\t<div class=\"e-con-inner\">\n\t\t\t\t<div class=\"elementor-element elementor-element-2ee74d5 elementor-widget elementor-widget-heading\" data-id=\"2ee74d5\" data-element_type=\"widget\" data-e-type=\"widget\" data-widget_type=\"heading.default\">\n\t\t\t\t<div class=\"elementor-widget-container\">\n\t\t\t\t\t<h2 class=\"elementor-heading-title elementor-size-default\">Dauer der Verarbeitung personenbezogener Daten<\/h2>\t\t\t\t<\/div>\n\t\t\t\t<\/div>\n\t\t\t\t<div class=\"elementor-element elementor-element-e17ed0d elementor-widget elementor-widget-text-editor\" data-id=\"e17ed0d\" data-element_type=\"widget\" data-e-type=\"widget\" data-widget_type=\"text-editor.default\">\n\t\t\t\t<div class=\"elementor-widget-container\">\n\t\t\t\t\t\t\t\t\t<p class=\"mb-3\">Die personenbezogenen Daten der Nutzer werden f\u00fcr den Zeitraum verarbeitet:<\/p><ul class=\"ms-0\"><li>wenn die Grundlage der Datenverarbeitung die Vertragserf\u00fcllung ist \u2013 bis zum Ablauf der Verj\u00e4hrungsfrist f\u00fcr Anspr\u00fcche nach Vertragserf\u00fcllung,<\/li><li>wenn die Grundlage der Datenverarbeitung die Einwilligung ist \u2013 bis zu deren Widerruf, und nach Widerruf der Einwilligung bis zum Ablauf der Verj\u00e4hrungsfrist f\u00fcr Anspr\u00fcche.<\/li><\/ul><p>In beiden F\u00e4llen betr\u00e4gt die Verj\u00e4hrungsfrist 6 Jahre, und f\u00fcr Anspr\u00fcche auf wiederkehrende Leistungen sowie Anspr\u00fcche im Zusammenhang mit der Gesch\u00e4ftst\u00e4tigkeit \u2013 3 Jahre (sofern keine besondere Vorschrift etwas anderes bestimmt).<\/p>\t\t\t\t\t\t\t\t<\/div>\n\t\t\t\t<\/div>\n\t\t\t\t\t<\/div>\n\t\t\t\t<\/div>\n\t\t<div class=\"elementor-element elementor-element-db4dcf6 e-flex e-con-boxed e-con e-parent\" data-id=\"db4dcf6\" data-element_type=\"container\" data-e-type=\"container\">\n\t\t\t\t\t<div class=\"e-con-inner\">\n\t\t\t\t<div class=\"elementor-element elementor-element-fb859ae elementor-widget elementor-widget-heading\" data-id=\"fb859ae\" data-element_type=\"widget\" data-e-type=\"widget\" data-widget_type=\"heading.default\">\n\t\t\t\t<div class=\"elementor-widget-container\">\n\t\t\t\t\t<h2 class=\"elementor-heading-title elementor-size-default\">Weitergabe personenbezogener Daten<\/h2>\t\t\t\t<\/div>\n\t\t\t\t<\/div>\n\t\t\t\t<div class=\"elementor-element elementor-element-b342aeb elementor-widget elementor-widget-text-editor\" data-id=\"b342aeb\" data-element_type=\"widget\" data-e-type=\"widget\" data-widget_type=\"text-editor.default\">\n\t\t\t\t<div class=\"elementor-widget-container\">\n\t\t\t\t\t\t\t\t\t<ol class=\"ms-0\"><li>Personenbezogene Daten der Nutzer k\u00f6nnen weitergegeben werden an: mit dem Verantwortlichen verbundene Unternehmen, seine Subunternehmer, mit dem Verantwortlichen zusammenarbeitende Unternehmen, z. B. E-Payment-Dienstleister, Kurier-\/Postdienstleister, Anwaltskanzleien.<\/li><li>Personenbezogene Daten der Nutzer werden nicht au\u00dferhalb des Europ\u00e4ischen Wirtschaftsraums (EWR) \u00fcbermittelt.<\/li><\/ol>\t\t\t\t\t\t\t\t<\/div>\n\t\t\t\t<\/div>\n\t\t\t\t\t<\/div>\n\t\t\t\t<\/div>\n\t\t<div class=\"elementor-element elementor-element-25d11b6 e-flex e-con-boxed e-con e-parent\" data-id=\"25d11b6\" data-element_type=\"container\" data-e-type=\"container\">\n\t\t\t\t\t<div class=\"e-con-inner\">\n\t\t\t\t<div class=\"elementor-element elementor-element-218e5f5 elementor-widget elementor-widget-heading\" data-id=\"218e5f5\" data-element_type=\"widget\" data-e-type=\"widget\" data-widget_type=\"heading.default\">\n\t\t\t\t<div class=\"elementor-widget-container\">\n\t\t\t\t\t<h2 class=\"elementor-heading-title elementor-size-default\">Rechte der Nutzer<\/h2>\t\t\t\t<\/div>\n\t\t\t\t<\/div>\n\t\t\t\t<div class=\"elementor-element elementor-element-48ef0d9 elementor-widget elementor-widget-text-editor\" data-id=\"48ef0d9\" data-element_type=\"widget\" data-e-type=\"widget\" data-widget_type=\"text-editor.default\">\n\t\t\t\t<div class=\"elementor-widget-container\">\n\t\t\t\t\t\t\t\t\t<ol class=\"ms-0\"><li>Der Nutzer der Website hat das Recht auf: Zugang zu seinen personenbezogenen Daten, deren Berichtigung, L\u00f6schung, Einschr\u00e4nkung der Verarbeitung, Daten\u00fcbertragbarkeit, Widerspruch gegen die Verarbeitung, jederzeitigen Widerruf der Einwilligung (was die Rechtm\u00e4\u00dfigkeit der aufgrund der Einwilligung bis zum Widerruf erfolgten Verarbeitung unber\u00fchrt l\u00e4sst).<\/li><li>Antr\u00e4ge zur Aus\u00fcbung der genannten Rechte sind an die Adresse [biuro@gruntodnowa.pl] zu senden.<\/li><li>Der Verantwortliche erf\u00fcllt oder lehnt den Antrag unverz\u00fcglich ab \u2013 sp\u00e4testens innerhalb eines Monats nach dessen Eingang.<\/li><li>Der Nutzer hat das Recht, eine Beschwerde beim Pr\u00e4sidenten des Amtes f\u00fcr den Schutz personenbezogener Daten einzureichen, wenn er der Ansicht ist, dass die Verarbeitung seine Rechte und Freiheiten verletzt (DSGVO).<\/li><\/ol>\t\t\t\t\t\t\t\t<\/div>\n\t\t\t\t<\/div>\n\t\t\t\t\t<\/div>\n\t\t\t\t<\/div>\n\t\t<div class=\"elementor-element elementor-element-c08b269 e-flex e-con-boxed e-con e-parent\" data-id=\"c08b269\" data-element_type=\"container\" data-e-type=\"container\">\n\t\t\t\t\t<div class=\"e-con-inner\">\n\t\t\t\t<div class=\"elementor-element elementor-element-57a4338 elementor-widget elementor-widget-heading\" data-id=\"57a4338\" data-element_type=\"widget\" data-e-type=\"widget\" data-widget_type=\"heading.default\">\n\t\t\t\t<div class=\"elementor-widget-container\">\n\t\t\t\t\t<h2 class=\"elementor-heading-title elementor-size-default\">Cookies<\/h2>\t\t\t\t<\/div>\n\t\t\t\t<\/div>\n\t\t\t\t<div class=\"elementor-element elementor-element-9ba68ff elementor-widget elementor-widget-text-editor\" data-id=\"9ba68ff\" data-element_type=\"widget\" data-e-type=\"widget\" data-widget_type=\"text-editor.default\">\n\t\t\t\t<div class=\"elementor-widget-container\">\n\t\t\t\t\t\t\t\t\t<ol class=\"ms-0\"><li>Die Website sammelt Informationen mittels Cookies \u2013 Session-Cookies, dauerhaften Cookies und Cookies von Drittanbietern.<\/li><li>Die Erhebung von Cookies unterst\u00fctzt die korrekte Erbringung von Dienstleistungen auf der Website und dient statistischen Zwecken.<\/li><\/ol><p>Der Nutzer kann den Umfang des Zugriffs von Cookies auf sein Ger\u00e4t in den Browsereinstellungen festlegen.<\/p>\t\t\t\t\t\t\t\t<\/div>\n\t\t\t\t<\/div>\n\t\t\t\t\t<\/div>\n\t\t\t\t<\/div>\n\t\t<div class=\"elementor-element elementor-element-916a2da e-flex e-con-boxed e-con e-parent\" data-id=\"916a2da\" data-element_type=\"container\" data-e-type=\"container\">\n\t\t\t\t\t<div class=\"e-con-inner\">\n\t\t\t\t<div class=\"elementor-element elementor-element-7fdd6cb elementor-widget elementor-widget-heading\" data-id=\"7fdd6cb\" data-element_type=\"widget\" data-e-type=\"widget\" data-widget_type=\"heading.default\">\n\t\t\t\t<div class=\"elementor-widget-container\">\n\t\t\t\t\t<h2 class=\"elementor-heading-title elementor-size-default\">Automatisierte Entscheidungsfindung und Profiling<\/h2>\t\t\t\t<\/div>\n\t\t\t\t<\/div>\n\t\t\t\t<div class=\"elementor-element elementor-element-0fc0585 elementor-widget elementor-widget-text-editor\" data-id=\"0fc0585\" data-element_type=\"widget\" data-e-type=\"widget\" data-widget_type=\"text-editor.default\">\n\t\t\t\t<div class=\"elementor-widget-container\">\n\t\t\t\t\t\t\t\t\t<ol class=\"ms-0\"><li>Die Daten der Nutzer d\u00fcrfen nicht in einer Weise automatisiert verarbeitet werden, die dazu f\u00fchren k\u00f6nnte, dass Entscheidungen gegen sie getroffen werden.<\/li><li>Die Daten der Nutzer k\u00f6nnen zum Zwecke der Inhaltsanpassung und Angebots-Personalisierung profiliert werden, nachdem sie ihre Einwilligung erteilt haben.<\/li><\/ol>\t\t\t\t\t\t\t\t<\/div>\n\t\t\t\t<\/div>\n\t\t\t\t\t<\/div>\n\t\t\t\t<\/div>\n\t\t<div class=\"elementor-element elementor-element-4a81543 e-flex e-con-boxed e-con e-parent\" data-id=\"4a81543\" data-element_type=\"container\" data-e-type=\"container\">\n\t\t\t\t\t<div class=\"e-con-inner\">\n\t\t\t\t<div class=\"elementor-element elementor-element-5c51ebc elementor-widget elementor-widget-heading\" data-id=\"5c51ebc\" data-element_type=\"widget\" data-e-type=\"widget\" data-widget_type=\"heading.default\">\n\t\t\t\t<div class=\"elementor-widget-container\">\n\t\t\t\t\t<h2 class=\"elementor-heading-title elementor-size-default\">Schlussbestimmungen<\/h2>\t\t\t\t<\/div>\n\t\t\t\t<\/div>\n\t\t\t\t<div class=\"elementor-element elementor-element-100018a elementor-widget elementor-widget-text-editor\" data-id=\"100018a\" data-element_type=\"widget\" data-e-type=\"widget\" data-widget_type=\"text-editor.default\">\n\t\t\t\t<div class=\"elementor-widget-container\">\n\t\t\t\t\t\t\t\t\t<ol class=\"ms-0\"><li>Der Verantwortliche ist berechtigt, \u00c4nderungen an der Datenschutzerkl\u00e4rung vorzunehmen, wobei die Rechte der Nutzer nicht eingeschr\u00e4nkt werden.<\/li><li>Informationen \u00fcber vorgenommene \u00c4nderungen werden in Form einer auf der Website verf\u00fcgbaren Mitteilung erscheinen.<\/li><li>In Angelegenheiten, die in dieser Datenschutzerkl\u00e4rung nicht geregelt sind, gelten die Bestimmungen der DSGVO und des polnischen Rechts.<\/li><\/ol>\t\t\t\t\t\t\t\t<\/div>\n\t\t\t\t<\/div>\n\t\t\t\t\t<\/div>\n\t\t\t\t<\/div>\n\t\t\t\t<\/div>\n\t\t","protected":false},"excerpt":{"rendered":"<p>Datenschutzrichtlinie Allgemeine Bestimmungen Die Datenschutzerkl\u00e4rung legt fest, wie die personenbezogenen Daten der Nutzer, die f\u00fcr die Erbringung elektronischer Dienstleistungen \u00fcber die Website [www.torga.pl] (im Folgenden: die Website) erforderlich sind, erhoben, verarbeitet und gespeichert werden. Die Website erhebt ausschlie\u00dflich personenbezogene Daten, die f\u00fcr die Erbringung und Weiterentwicklung der dort angebotenen Dienste erforderlich sind. Die \u00fcber die [&hellip;]<\/p>\n","protected":false},"author":1,"featured_media":0,"parent":0,"menu_order":0,"comment_status":"closed","ping_status":"closed","template":"","meta":{"_acf_changed":false,"footnotes":""},"class_list":["post-4029","page","type-page","status-publish","hentry"],"acf":[],"yoast_head":"<!-- This site is optimized with the Yoast SEO plugin v27.3 - https:\/\/yoast.com\/product\/yoast-seo-wordpress\/ -->\n<title>Datenschutzrichtlinie - Torga<\/title>\n<meta name=\"robots\" content=\"index, follow, max-snippet:-1, max-image-preview:large, max-video-preview:-1\" \/>\n<link rel=\"canonical\" href=\"https:\/\/torga.pl\/de\/datenschutzrichtlinie\/\" \/>\n<meta property=\"og:locale\" content=\"de_DE\" \/>\n<meta property=\"og:type\" content=\"article\" \/>\n<meta property=\"og:title\" content=\"Datenschutzrichtlinie - Torga\" \/>\n<meta property=\"og:description\" content=\"Datenschutzrichtlinie Allgemeine Bestimmungen Die Datenschutzerkl\u00e4rung legt fest, wie die personenbezogenen Daten der Nutzer, die f\u00fcr die Erbringung elektronischer Dienstleistungen \u00fcber die Website [www.torga.pl] (im Folgenden: die Website) erforderlich sind, erhoben, verarbeitet und gespeichert werden. Die Website erhebt ausschlie\u00dflich personenbezogene Daten, die f\u00fcr die Erbringung und Weiterentwicklung der dort angebotenen Dienste erforderlich sind. Die \u00fcber die [&hellip;]\" \/>\n<meta property=\"og:url\" content=\"https:\/\/torga.pl\/de\/datenschutzrichtlinie\/\" \/>\n<meta property=\"og:site_name\" content=\"Torga\" \/>\n<meta property=\"article:modified_time\" content=\"2025-12-15T13:32:59+00:00\" \/>\n<meta name=\"twitter:card\" content=\"summary_large_image\" \/>\n<meta name=\"twitter:label1\" content=\"Gesch\u00e4tzte Lesezeit\" \/>\n\t<meta name=\"twitter:data1\" content=\"3\u00a0Minuten\" \/>\n<script type=\"application\/ld+json\" class=\"yoast-schema-graph\">{\"@context\":\"https:\\\/\\\/schema.org\",\"@graph\":[{\"@type\":\"WebPage\",\"@id\":\"https:\\\/\\\/torga.pl\\\/de\\\/datenschutzrichtlinie\\\/\",\"url\":\"https:\\\/\\\/torga.pl\\\/de\\\/datenschutzrichtlinie\\\/\",\"name\":\"Datenschutzrichtlinie - Torga\",\"isPartOf\":{\"@id\":\"https:\\\/\\\/torga.pl\\\/de\\\/#website\"},\"datePublished\":\"2024-05-14T14:11:25+00:00\",\"dateModified\":\"2025-12-15T13:32:59+00:00\",\"breadcrumb\":{\"@id\":\"https:\\\/\\\/torga.pl\\\/de\\\/datenschutzrichtlinie\\\/#breadcrumb\"},\"inLanguage\":\"de\",\"potentialAction\":[{\"@type\":\"ReadAction\",\"target\":[\"https:\\\/\\\/torga.pl\\\/de\\\/datenschutzrichtlinie\\\/\"]}]},{\"@type\":\"BreadcrumbList\",\"@id\":\"https:\\\/\\\/torga.pl\\\/de\\\/datenschutzrichtlinie\\\/#breadcrumb\",\"itemListElement\":[{\"@type\":\"ListItem\",\"position\":1,\"name\":\"Strona g\u0142\u00f3wna\",\"item\":\"https:\\\/\\\/torga.pl\\\/de\\\/home\\\/\"},{\"@type\":\"ListItem\",\"position\":2,\"name\":\"Datenschutzrichtlinie\"}]},{\"@type\":\"WebSite\",\"@id\":\"https:\\\/\\\/torga.pl\\\/de\\\/#website\",\"url\":\"https:\\\/\\\/torga.pl\\\/de\\\/\",\"name\":\"Torga\",\"description\":\"Projektujemy z pasj\u0105, tworzymy z precyzj\u0105.\",\"potentialAction\":[{\"@type\":\"SearchAction\",\"target\":{\"@type\":\"EntryPoint\",\"urlTemplate\":\"https:\\\/\\\/torga.pl\\\/de\\\/?s={search_term_string}\"},\"query-input\":{\"@type\":\"PropertyValueSpecification\",\"valueRequired\":true,\"valueName\":\"search_term_string\"}}],\"inLanguage\":\"de\"}]}<\/script>\n<!-- \/ Yoast SEO plugin. -->","yoast_head_json":{"title":"Datenschutzrichtlinie - Torga","robots":{"index":"index","follow":"follow","max-snippet":"max-snippet:-1","max-image-preview":"max-image-preview:large","max-video-preview":"max-video-preview:-1"},"canonical":"https:\/\/torga.pl\/de\/datenschutzrichtlinie\/","og_locale":"de_DE","og_type":"article","og_title":"Datenschutzrichtlinie - Torga","og_description":"Datenschutzrichtlinie Allgemeine Bestimmungen Die Datenschutzerkl\u00e4rung legt fest, wie die personenbezogenen Daten der Nutzer, die f\u00fcr die Erbringung elektronischer Dienstleistungen \u00fcber die Website [www.torga.pl] (im Folgenden: die Website) erforderlich sind, erhoben, verarbeitet und gespeichert werden. Die Website erhebt ausschlie\u00dflich personenbezogene Daten, die f\u00fcr die Erbringung und Weiterentwicklung der dort angebotenen Dienste erforderlich sind. Die \u00fcber die [&hellip;]","og_url":"https:\/\/torga.pl\/de\/datenschutzrichtlinie\/","og_site_name":"Torga","article_modified_time":"2025-12-15T13:32:59+00:00","twitter_card":"summary_large_image","twitter_misc":{"Gesch\u00e4tzte Lesezeit":"3\u00a0Minuten"},"schema":{"@context":"https:\/\/schema.org","@graph":[{"@type":"WebPage","@id":"https:\/\/torga.pl\/de\/datenschutzrichtlinie\/","url":"https:\/\/torga.pl\/de\/datenschutzrichtlinie\/","name":"Datenschutzrichtlinie - Torga","isPartOf":{"@id":"https:\/\/torga.pl\/de\/#website"},"datePublished":"2024-05-14T14:11:25+00:00","dateModified":"2025-12-15T13:32:59+00:00","breadcrumb":{"@id":"https:\/\/torga.pl\/de\/datenschutzrichtlinie\/#breadcrumb"},"inLanguage":"de","potentialAction":[{"@type":"ReadAction","target":["https:\/\/torga.pl\/de\/datenschutzrichtlinie\/"]}]},{"@type":"BreadcrumbList","@id":"https:\/\/torga.pl\/de\/datenschutzrichtlinie\/#breadcrumb","itemListElement":[{"@type":"ListItem","position":1,"name":"Strona g\u0142\u00f3wna","item":"https:\/\/torga.pl\/de\/home\/"},{"@type":"ListItem","position":2,"name":"Datenschutzrichtlinie"}]},{"@type":"WebSite","@id":"https:\/\/torga.pl\/de\/#website","url":"https:\/\/torga.pl\/de\/","name":"Torga","description":"Projektujemy z pasj\u0105, tworzymy z precyzj\u0105.","potentialAction":[{"@type":"SearchAction","target":{"@type":"EntryPoint","urlTemplate":"https:\/\/torga.pl\/de\/?s={search_term_string}"},"query-input":{"@type":"PropertyValueSpecification","valueRequired":true,"valueName":"search_term_string"}}],"inLanguage":"de"}]}},"_links":{"self":[{"href":"https:\/\/torga.pl\/de\/wp-json\/wp\/v2\/pages\/4029","targetHints":{"allow":["GET"]}}],"collection":[{"href":"https:\/\/torga.pl\/de\/wp-json\/wp\/v2\/pages"}],"about":[{"href":"https:\/\/torga.pl\/de\/wp-json\/wp\/v2\/types\/page"}],"author":[{"embeddable":true,"href":"https:\/\/torga.pl\/de\/wp-json\/wp\/v2\/users\/1"}],"replies":[{"embeddable":true,"href":"https:\/\/torga.pl\/de\/wp-json\/wp\/v2\/comments?post=4029"}],"version-history":[{"count":2,"href":"https:\/\/torga.pl\/de\/wp-json\/wp\/v2\/pages\/4029\/revisions"}],"predecessor-version":[{"id":6832,"href":"https:\/\/torga.pl\/de\/wp-json\/wp\/v2\/pages\/4029\/revisions\/6832"}],"wp:attachment":[{"href":"https:\/\/torga.pl\/de\/wp-json\/wp\/v2\/media?parent=4029"}],"curies":[{"name":"wp","href":"https:\/\/api.w.org\/{rel}","templated":true}]}}