{"id":6883,"date":"2025-12-05T13:46:54","date_gmt":"2025-12-05T12:46:54","guid":{"rendered":"https:\/\/torga.pl\/doarchitekci\/"},"modified":"2025-12-18T16:19:24","modified_gmt":"2025-12-18T15:19:24","slug":"doarchitekci","status":"publish","type":"page","link":"https:\/\/torga.pl\/de\/doarchitekci\/","title":{"rendered":"Doarchitekci"},"content":{"rendered":"\t\t<div data-elementor-type=\"wp-page\" data-elementor-id=\"6883\" class=\"elementor elementor-6883 elementor-6766\">\n\t\t\t\t<div class=\"elementor-element elementor-element-68ddf1e e-grid e-con-boxed e-con e-parent\" data-id=\"68ddf1e\" data-element_type=\"container\" data-e-type=\"container\">\n\t\t\t\t\t<div class=\"e-con-inner\">\n\t\t\t\t<div class=\"elementor-element elementor-element-dffe56a elementor-widget elementor-widget-heading\" data-id=\"dffe56a\" data-element_type=\"widget\" data-e-type=\"widget\" data-widget_type=\"heading.default\">\n\t\t\t\t<div class=\"elementor-widget-container\">\n\t\t\t\t\t<h2 class=\"elementor-heading-title elementor-size-default\">WIR VERBINDEN UNS<\/h2>\t\t\t\t<\/div>\n\t\t\t\t<\/div>\n\t\t\t\t\t<\/div>\n\t\t\t\t<\/div>\n\t\t<div class=\"elementor-element elementor-element-162b27b e-grid e-con-boxed e-con e-parent\" data-id=\"162b27b\" data-element_type=\"container\" data-e-type=\"container\">\n\t\t\t\t\t<div class=\"e-con-inner\">\n\t\t<div class=\"elementor-element elementor-element-838232b e-flex e-con-boxed e-con e-child\" data-id=\"838232b\" data-element_type=\"container\" data-e-type=\"container\">\n\t\t\t\t\t<div class=\"e-con-inner\">\n\t\t\t\t<div class=\"elementor-element elementor-element-763f696 elementor-widget elementor-widget-text-editor\" data-id=\"763f696\" data-element_type=\"widget\" data-e-type=\"widget\" data-widget_type=\"text-editor.default\">\n\t\t\t\t<div class=\"elementor-widget-container\">\n\t\t\t\t\t\t\t\t\t<p><strong>TORGA und doarchitekci <\/strong>bilden nun ein Studio mit noch gr\u00f6\u00dferen M\u00f6glichkeiten!<\/p><p> <\/p><p><strong>Interiors + Architecture<\/strong> in einem Team bedeutet eine gemeinsame Vision, umfassendere Unterst\u00fctzung und Entw\u00fcrfe, die von der Geb\u00e4udestruktur bis ins kleinste Detail entwickelt werden.<\/p><p> <\/p><p><strong>Eine neue Phase. Eine breitere Perspektive. Dieselbe Qualit\u00e4t.   <\/strong><\/p><p><strong> <\/strong><\/p><p>Wir werden Ihnen Anfang n\u00e4chsten Jahres mehr \u00fcber diese \u00c4nderung berichten!<\/p>\t\t\t\t\t\t\t\t<\/div>\n\t\t\t\t<\/div>\n\t\t\t\t\t<\/div>\n\t\t\t\t<\/div>\n\t\t<div class=\"elementor-element elementor-element-91fda11 e-flex e-con-boxed e-con e-child\" data-id=\"91fda11\" data-element_type=\"container\" data-e-type=\"container\" data-settings=\"{&quot;background_background&quot;:&quot;classic&quot;}\">\n\t\t\t\t\t<div class=\"e-con-inner\">\n\t\t\t\t<div class=\"elementor-element elementor-element-adf2131 elementor-widget elementor-widget-image\" data-id=\"adf2131\" data-element_type=\"widget\" data-e-type=\"widget\" data-widget_type=\"image.default\">\n\t\t\t\t<div class=\"elementor-widget-container\">\n\t\t\t\t\t\t\t\t\t\t\t\t\t\t\t<img fetchpriority=\"high\" decoding=\"async\" width=\"2560\" height=\"768\" src=\"https:\/\/torga.pl\/wp-content\/uploads\/2025\/12\/baner-do-a-scaled.png\" class=\"attachment-full size-full wp-image-6790\" alt=\"\" srcset=\"https:\/\/torga.pl\/wp-content\/uploads\/2025\/12\/baner-do-a-scaled.png 2560w, https:\/\/torga.pl\/wp-content\/uploads\/2025\/12\/baner-do-a-300x90.png 300w, https:\/\/torga.pl\/wp-content\/uploads\/2025\/12\/baner-do-a-1024x307.png 1024w, https:\/\/torga.pl\/wp-content\/uploads\/2025\/12\/baner-do-a-768x230.png 768w, https:\/\/torga.pl\/wp-content\/uploads\/2025\/12\/baner-do-a-1536x461.png 1536w, https:\/\/torga.pl\/wp-content\/uploads\/2025\/12\/baner-do-a-2048x614.png 2048w\" sizes=\"(max-width: 2560px) 100vw, 2560px\" \/>\t\t\t\t\t\t\t\t\t\t\t\t\t\t\t<\/div>\n\t\t\t\t<\/div>\n\t\t\t\t\t<\/div>\n\t\t\t\t<\/div>\n\t\t\t\t\t<\/div>\n\t\t\t\t<\/div>\n\t\t<div class=\"elementor-element elementor-element-e8a9a72 e-grid e-con-boxed e-con e-parent\" data-id=\"e8a9a72\" data-element_type=\"container\" data-e-type=\"container\">\n\t\t\t\t\t<div class=\"e-con-inner\">\n\t\t\t\t<div class=\"elementor-element elementor-element-fe394e4 elementor-widget elementor-widget-button\" data-id=\"fe394e4\" data-element_type=\"widget\" data-e-type=\"widget\" data-widget_type=\"button.default\">\n\t\t\t\t<div class=\"elementor-widget-container\">\n\t\t\t\t\t\t\t\t\t<div class=\"elementor-button-wrapper\">\n\t\t\t\t\t<a class=\"elementor-button elementor-button-link elementor-size-sm\" href=\"https:\/\/torga.pl\/de\/\">\n\t\t\t\t\t\t<span class=\"elementor-button-content-wrapper\">\n\t\t\t\t\t\t\t\t\t<span class=\"elementor-button-text\">Siehe Torga.pl<\/span>\n\t\t\t\t\t<\/span>\n\t\t\t\t\t<\/a>\n\t\t\t\t<\/div>\n\t\t\t\t\t\t\t\t<\/div>\n\t\t\t\t<\/div>\n\t\t\t\t<div class=\"elementor-element elementor-element-f37dc11 elementor-widget elementor-widget-button\" data-id=\"f37dc11\" data-element_type=\"widget\" data-e-type=\"widget\" data-widget_type=\"button.default\">\n\t\t\t\t<div class=\"elementor-widget-container\">\n\t\t\t\t\t\t\t\t\t<div class=\"elementor-button-wrapper\">\n\t\t\t\t\t<a class=\"elementor-button elementor-button-link elementor-size-sm\" href=\"https:\/\/doarchitekci.torga.pl\">\n\t\t\t\t\t\t<span class=\"elementor-button-content-wrapper\">\n\t\t\t\t\t\t\t\t\t<span class=\"elementor-button-text\">Siehe das Doarchitekci.pl-Archiv<\/span>\n\t\t\t\t\t<\/span>\n\t\t\t\t\t<\/a>\n\t\t\t\t<\/div>\n\t\t\t\t\t\t\t\t<\/div>\n\t\t\t\t<\/div>\n\t\t\t\t\t<\/div>\n\t\t\t\t<\/div>\n\t\t<div class=\"elementor-element elementor-element-418f28d e-grid elementor-hidden-desktop elementor-hidden-laptop elementor-hidden-tablet elementor-hidden-mobile e-con-boxed e-con e-parent\" data-id=\"418f28d\" data-element_type=\"container\" data-e-type=\"container\">\n\t\t\t\t\t<div class=\"e-con-inner\">\n\t\t<div class=\"elementor-element elementor-element-1f9ee3f e-flex e-con-boxed e-con e-child\" data-id=\"1f9ee3f\" data-element_type=\"container\" data-e-type=\"container\">\n\t\t\t\t\t<div class=\"e-con-inner\">\n\t\t\t\t<div class=\"elementor-element elementor-element-0401c2b elementor-widget elementor-widget-text-editor\" data-id=\"0401c2b\" data-element_type=\"widget\" data-e-type=\"widget\" data-widget_type=\"text-editor.default\">\n\t\t\t\t<div class=\"elementor-widget-container\">\n\t\t\t\t\t\t\t\t\t<p><strong>TORGA und doarchitekci bilden nun ein Studio<\/strong><\/p><p>mit noch gr\u00f6\u00dferen M\u00f6glichkeiten!<\/p><p> <\/p><p><strong>Innenarchitektur + Architektur<\/strong> in einem Team bedeutet eine gemeinsame Vision, umfassendere Unterst\u00fctzung und Entw\u00fcrfe, <\/p><p>die von der Geb\u00e4udestruktur bis ins kleinste Detail entwickelt werden.<\/p><p> <\/p><p><strong>Eine neue Phase. Eine breitere Perspektive. Dieselbe Qualit\u00e4t.   <\/strong><\/p><p> <\/p><p>Wir werden Ihnen Anfang n\u00e4chsten Jahres mehr \u00fcber diese \u00c4nderung berichten!<\/p>\t\t\t\t\t\t\t\t<\/div>\n\t\t\t\t<\/div>\n\t\t\t\t<div class=\"elementor-element elementor-element-4058fa9 elementor-widget elementor-widget-button\" data-id=\"4058fa9\" data-element_type=\"widget\" data-e-type=\"widget\" data-widget_type=\"button.default\">\n\t\t\t\t<div class=\"elementor-widget-container\">\n\t\t\t\t\t\t\t\t\t<div class=\"elementor-button-wrapper\">\n\t\t\t\t\t<a class=\"elementor-button elementor-button-link elementor-size-sm\" href=\"https:\/\/torga.pl\/de\/\">\n\t\t\t\t\t\t<span class=\"elementor-button-content-wrapper\">\n\t\t\t\t\t\t\t\t\t<span class=\"elementor-button-text\">Siehe Torga.pl<\/span>\n\t\t\t\t\t<\/span>\n\t\t\t\t\t<\/a>\n\t\t\t\t<\/div>\n\t\t\t\t\t\t\t\t<\/div>\n\t\t\t\t<\/div>\n\t\t\t\t<div class=\"elementor-element elementor-element-3296754 elementor-widget elementor-widget-button\" data-id=\"3296754\" data-element_type=\"widget\" data-e-type=\"widget\" data-widget_type=\"button.default\">\n\t\t\t\t<div class=\"elementor-widget-container\">\n\t\t\t\t\t\t\t\t\t<div class=\"elementor-button-wrapper\">\n\t\t\t\t\t<a class=\"elementor-button elementor-button-link elementor-size-sm\" href=\"https:\/\/doarchitekci.torga.pl\">\n\t\t\t\t\t\t<span class=\"elementor-button-content-wrapper\">\n\t\t\t\t\t\t\t\t\t<span class=\"elementor-button-text\">Zobacz archiwum Doarchitekci.pl<\/span>\n\t\t\t\t\t<\/span>\n\t\t\t\t\t<\/a>\n\t\t\t\t<\/div>\n\t\t\t\t\t\t\t\t<\/div>\n\t\t\t\t<\/div>\n\t\t\t\t\t<\/div>\n\t\t\t\t<\/div>\n\t\t<div class=\"elementor-element elementor-element-0cc4bf5 e-flex e-con-boxed e-con e-child\" data-id=\"0cc4bf5\" data-element_type=\"container\" data-e-type=\"container\" data-settings=\"{&quot;background_background&quot;:&quot;classic&quot;}\">\n\t\t\t\t\t<div class=\"e-con-inner\">\n\t\t\t\t<div class=\"elementor-element elementor-element-6d922aa elementor-widget elementor-widget-image\" data-id=\"6d922aa\" data-element_type=\"widget\" data-e-type=\"widget\" data-widget_type=\"image.default\">\n\t\t\t\t<div class=\"elementor-widget-container\">\n\t\t\t\t\t\t\t\t\t\t\t\t\t\t\t<img decoding=\"async\" width=\"2560\" height=\"1329\" src=\"https:\/\/torga.pl\/wp-content\/uploads\/2025\/12\/baner-doarchitekci-scaled.png\" class=\"attachment-full size-full wp-image-6785\" alt=\"\" srcset=\"https:\/\/torga.pl\/wp-content\/uploads\/2025\/12\/baner-doarchitekci-scaled.png 2560w, https:\/\/torga.pl\/wp-content\/uploads\/2025\/12\/baner-doarchitekci-300x156.png 300w, https:\/\/torga.pl\/wp-content\/uploads\/2025\/12\/baner-doarchitekci-1024x532.png 1024w, https:\/\/torga.pl\/wp-content\/uploads\/2025\/12\/baner-doarchitekci-768x399.png 768w, https:\/\/torga.pl\/wp-content\/uploads\/2025\/12\/baner-doarchitekci-1536x798.png 1536w, https:\/\/torga.pl\/wp-content\/uploads\/2025\/12\/baner-doarchitekci-2048x1063.png 2048w\" sizes=\"(max-width: 2560px) 100vw, 2560px\" \/>\t\t\t\t\t\t\t\t\t\t\t\t\t\t\t<\/div>\n\t\t\t\t<\/div>\n\t\t\t\t\t<\/div>\n\t\t\t\t<\/div>\n\t\t\t\t\t<\/div>\n\t\t\t\t<\/div>\n\t\t<div class=\"elementor-element elementor-element-315deb4 elementor-hidden-desktop elementor-hidden-laptop elementor-hidden-tablet elementor-hidden-mobile e-flex e-con-boxed e-con e-parent\" data-id=\"315deb4\" data-element_type=\"container\" data-e-type=\"container\">\n\t\t\t\t\t<div class=\"e-con-inner\">\n\t\t\t\t<div class=\"elementor-element elementor-element-6538721 elementor-widget__width-inherit elementor-widget elementor-widget-heading\" data-id=\"6538721\" data-element_type=\"widget\" data-e-type=\"widget\" data-widget_type=\"heading.default\">\n\t\t\t\t<div class=\"elementor-widget-container\">\n\t\t\t\t\t<h2 class=\"elementor-heading-title elementor-size-default\">Zuletzt umgesetzte Projekte<\/h2>\t\t\t\t<\/div>\n\t\t\t\t<\/div>\n\t\t\t\t\t<\/div>\n\t\t\t\t<\/div>\n\t\t<div class=\"elementor-element elementor-element-b804ac1 elementor-hidden-desktop elementor-hidden-laptop elementor-hidden-tablet elementor-hidden-mobile e-flex e-con-boxed e-con e-parent\" data-id=\"b804ac1\" data-element_type=\"container\" data-e-type=\"container\">\n\t\t\t\t\t<div class=\"e-con-inner\">\n\t\t\t\t<div class=\"elementor-element elementor-element-db06897 elementor-grid-eael-col-3 vc-new-project elementor-grid-tablet-eael-col-2 elementor-grid-mobile-eael-col-1 elementor-widget elementor-widget-eael-post-grid\" data-id=\"db06897\" data-element_type=\"widget\" data-e-type=\"widget\" data-settings=\"{&quot;eael_post_grid_columns&quot;:&quot;eael-col-3&quot;,&quot;eael_post_grid_columns_tablet&quot;:&quot;eael-col-2&quot;,&quot;eael_post_grid_columns_mobile&quot;:&quot;eael-col-1&quot;}\" data-widget_type=\"eael-post-grid.default\">\n\t\t\t\t<div class=\"elementor-widget-container\">\n\t\t\t\t\t<div id=\"eael-post-grid-db06897\" class=\"eael-post-grid-container\">\n            <div class=\"eael-post-grid eael-post-appender eael-post-appender-db06897 eael-post-grid-style-one\" data-layout-mode=\"masonry\"><article class=\"eael-grid-post  eael-post-grid-column eael-pg-post-6685\" data-id=\"6685\">\n        <div class=\"eael-grid-post-holder\">\n            <div class=\"eael-grid-post-holder-inner\"><div class=\"eael-entry-media\"><div class=\"eael-entry-overlay fade-in\"><i class=\"fas fa-long-arrow-alt-right\" aria-hidden=\"true\"><\/i><a href=\"https:\/\/torga.pl\/de\/projekty\/rosso\/\"><\/a><\/div><div class=\"eael-entry-thumbnail eael-image-ratio\">\n                <img decoding=\"async\" width=\"800\" height=\"450\" src=\"https:\/\/torga.pl\/wp-content\/uploads\/2025\/11\/WILLE-LEKCYJNA-PK02-8-1024x576.webp\" class=\"attachment-large size-large wp-image-6467\" alt=\"\" srcset=\"https:\/\/torga.pl\/wp-content\/uploads\/2025\/11\/WILLE-LEKCYJNA-PK02-8-1024x576.webp 1024w, https:\/\/torga.pl\/wp-content\/uploads\/2025\/11\/WILLE-LEKCYJNA-PK02-8-300x169.webp 300w, https:\/\/torga.pl\/wp-content\/uploads\/2025\/11\/WILLE-LEKCYJNA-PK02-8-768x432.webp 768w, https:\/\/torga.pl\/wp-content\/uploads\/2025\/11\/WILLE-LEKCYJNA-PK02-8-1536x864.webp 1536w, https:\/\/torga.pl\/wp-content\/uploads\/2025\/11\/WILLE-LEKCYJNA-PK02-8-2048x1152.webp 2048w\" sizes=\"(max-width: 800px) 100vw, 800px\" \/>\n            <\/div>\n        <\/div><\/div>\n        <\/div>\n    <\/article><article class=\"eael-grid-post  eael-post-grid-column eael-pg-post-5886\" data-id=\"5886\">\n        <div class=\"eael-grid-post-holder\">\n            <div class=\"eael-grid-post-holder-inner\"><div class=\"eael-entry-media\"><div class=\"eael-entry-overlay fade-in\"><i class=\"fas fa-long-arrow-alt-right\" aria-hidden=\"true\"><\/i><a href=\"https:\/\/torga.pl\/de\/projekty\/sand\/\"><\/a><\/div><div class=\"eael-entry-thumbnail eael-image-ratio\">\n                <img loading=\"lazy\" decoding=\"async\" width=\"800\" height=\"450\" src=\"https:\/\/torga.pl\/wp-content\/uploads\/2025\/09\/salon5-1024x576.webp\" class=\"attachment-large size-large wp-image-5839\" alt=\"\" srcset=\"https:\/\/torga.pl\/wp-content\/uploads\/2025\/09\/salon5-1024x576.webp 1024w, https:\/\/torga.pl\/wp-content\/uploads\/2025\/09\/salon5-300x169.webp 300w, https:\/\/torga.pl\/wp-content\/uploads\/2025\/09\/salon5-768x432.webp 768w, https:\/\/torga.pl\/wp-content\/uploads\/2025\/09\/salon5-1536x864.webp 1536w, https:\/\/torga.pl\/wp-content\/uploads\/2025\/09\/salon5.webp 1920w\" sizes=\"(max-width: 800px) 100vw, 800px\" \/>\n            <\/div>\n        <\/div><\/div>\n        <\/div>\n    <\/article><article class=\"eael-grid-post  eael-post-grid-column eael-pg-post-5571\" data-id=\"5571\">\n        <div class=\"eael-grid-post-holder\">\n            <div class=\"eael-grid-post-holder-inner\"><div class=\"eael-entry-media\"><div class=\"eael-entry-overlay fade-in\"><i class=\"fas fa-long-arrow-alt-right\" aria-hidden=\"true\"><\/i><a href=\"https:\/\/torga.pl\/de\/projekty\/clay-chrome\/\"><\/a><\/div><div class=\"eael-entry-thumbnail eael-image-ratio\">\n                <img loading=\"lazy\" decoding=\"async\" width=\"800\" height=\"600\" src=\"https:\/\/torga.pl\/wp-content\/uploads\/2025\/07\/jadalnia-2b-1024x768.webp\" class=\"attachment-large size-large wp-image-5529\" alt=\"\" srcset=\"https:\/\/torga.pl\/wp-content\/uploads\/2025\/07\/jadalnia-2b-1024x768.webp 1024w, https:\/\/torga.pl\/wp-content\/uploads\/2025\/07\/jadalnia-2b-300x225.webp 300w, https:\/\/torga.pl\/wp-content\/uploads\/2025\/07\/jadalnia-2b-768x576.webp 768w, https:\/\/torga.pl\/wp-content\/uploads\/2025\/07\/jadalnia-2b.webp 1536w\" sizes=\"(max-width: 800px) 100vw, 800px\" \/>\n            <\/div>\n        <\/div><\/div>\n        <\/div>\n    <\/article><\/div>\n            <div class=\"clearfix\"><\/div>\n        <\/div>            <div class=\"eael-load-more-button-wrap eael-force-hide\">\n                <button class=\"eael-load-more-button\" id=\"eael-load-more-btn-db06897\" data-widget-id=\"db06897\" data-widget=\"db06897\" data-page-id=\"6883\" data-template=\"{&quot;dir&quot;:&quot;lite&quot;,&quot;file_name&quot;:&quot;one.php&quot;,&quot;name&quot;:&quot;Post-Grid&quot;}\" data-class=\"Essential_Addons_Elementor\\Elements\\Post_Grid\" data-layout=\"masonry\" data-page=\"1\" data-args=\"orderby=date&amp;order=desc&amp;ignore_sticky_posts=1&amp;post_status=publish&amp;posts_per_page=3&amp;offset=0&amp;post_type=projekty\" data-max-page=\"7\">\n                    <span class=\"eael-btn-loader button__loader\"><\/span>\n                    <span class=\"eael_load_more_text\">Load More<\/span>\n                <\/button>\n            <\/div>\n            \t\t\t\t<\/div>\n\t\t\t\t<\/div>\n\t\t\t\t\t<\/div>\n\t\t\t\t<\/div>\n\t\t\t\t<\/div>\n\t\t","protected":false},"excerpt":{"rendered":"<p>WIR VERBINDEN UNS TORGA und doarchitekci bilden nun ein Studio mit noch gr\u00f6\u00dferen M\u00f6glichkeiten! Interiors + Architecture in einem Team bedeutet eine gemeinsame Vision, umfassendere Unterst\u00fctzung und Entw\u00fcrfe, die von der Geb\u00e4udestruktur bis ins kleinste Detail entwickelt werden. Eine neue Phase. Eine breitere Perspektive. Dieselbe Qualit\u00e4t. Wir werden Ihnen Anfang n\u00e4chsten Jahres mehr \u00fcber diese [&hellip;]<\/p>\n","protected":false},"author":1,"featured_media":0,"parent":0,"menu_order":0,"comment_status":"closed","ping_status":"closed","template":"","meta":{"_acf_changed":false,"footnotes":""},"class_list":["post-6883","page","type-page","status-publish","hentry"],"acf":[],"yoast_head":"<!-- This site is optimized with the Yoast SEO plugin v27.3 - https:\/\/yoast.com\/product\/yoast-seo-wordpress\/ -->\n<title>Doarchitekci - Torga<\/title>\n<meta name=\"robots\" content=\"index, follow, max-snippet:-1, max-image-preview:large, max-video-preview:-1\" \/>\n<link rel=\"canonical\" href=\"https:\/\/torga.pl\/de\/doarchitekci\/\" \/>\n<meta property=\"og:locale\" content=\"de_DE\" \/>\n<meta property=\"og:type\" content=\"article\" \/>\n<meta property=\"og:title\" content=\"Doarchitekci - Torga\" \/>\n<meta property=\"og:description\" content=\"WIR VERBINDEN UNS TORGA und doarchitekci bilden nun ein Studio mit noch gr\u00f6\u00dferen M\u00f6glichkeiten! Interiors + Architecture in einem Team bedeutet eine gemeinsame Vision, umfassendere Unterst\u00fctzung und Entw\u00fcrfe, die von der Geb\u00e4udestruktur bis ins kleinste Detail entwickelt werden. Eine neue Phase. Eine breitere Perspektive. Dieselbe Qualit\u00e4t. Wir werden Ihnen Anfang n\u00e4chsten Jahres mehr \u00fcber diese [&hellip;]\" \/>\n<meta property=\"og:url\" content=\"https:\/\/torga.pl\/de\/doarchitekci\/\" \/>\n<meta property=\"og:site_name\" content=\"Torga\" \/>\n<meta property=\"article:modified_time\" content=\"2025-12-18T15:19:24+00:00\" \/>\n<meta property=\"og:image\" content=\"https:\/\/torga.pl\/wp-content\/uploads\/2025\/12\/baner-do-a-scaled.png\" \/>\n\t<meta property=\"og:image:width\" content=\"2560\" \/>\n\t<meta property=\"og:image:height\" content=\"768\" \/>\n\t<meta property=\"og:image:type\" content=\"image\/png\" \/>\n<meta name=\"twitter:card\" content=\"summary_large_image\" \/>\n<meta name=\"twitter:label1\" content=\"Gesch\u00e4tzte Lesezeit\" \/>\n\t<meta name=\"twitter:data1\" content=\"1\u00a0Minute\" \/>\n<script type=\"application\/ld+json\" class=\"yoast-schema-graph\">{\"@context\":\"https:\\\/\\\/schema.org\",\"@graph\":[{\"@type\":\"WebPage\",\"@id\":\"https:\\\/\\\/torga.pl\\\/de\\\/doarchitekci\\\/\",\"url\":\"https:\\\/\\\/torga.pl\\\/de\\\/doarchitekci\\\/\",\"name\":\"Doarchitekci - Torga\",\"isPartOf\":{\"@id\":\"https:\\\/\\\/torga.pl\\\/de\\\/#website\"},\"primaryImageOfPage\":{\"@id\":\"https:\\\/\\\/torga.pl\\\/de\\\/doarchitekci\\\/#primaryimage\"},\"image\":{\"@id\":\"https:\\\/\\\/torga.pl\\\/de\\\/doarchitekci\\\/#primaryimage\"},\"thumbnailUrl\":\"https:\\\/\\\/torga.pl\\\/wp-content\\\/uploads\\\/2025\\\/12\\\/baner-do-a-scaled.png\",\"datePublished\":\"2025-12-05T12:46:54+00:00\",\"dateModified\":\"2025-12-18T15:19:24+00:00\",\"breadcrumb\":{\"@id\":\"https:\\\/\\\/torga.pl\\\/de\\\/doarchitekci\\\/#breadcrumb\"},\"inLanguage\":\"de\",\"potentialAction\":[{\"@type\":\"ReadAction\",\"target\":[\"https:\\\/\\\/torga.pl\\\/de\\\/doarchitekci\\\/\"]}]},{\"@type\":\"ImageObject\",\"inLanguage\":\"de\",\"@id\":\"https:\\\/\\\/torga.pl\\\/de\\\/doarchitekci\\\/#primaryimage\",\"url\":\"https:\\\/\\\/torga.pl\\\/wp-content\\\/uploads\\\/2025\\\/12\\\/baner-do-a-scaled.png\",\"contentUrl\":\"https:\\\/\\\/torga.pl\\\/wp-content\\\/uploads\\\/2025\\\/12\\\/baner-do-a-scaled.png\"},{\"@type\":\"BreadcrumbList\",\"@id\":\"https:\\\/\\\/torga.pl\\\/de\\\/doarchitekci\\\/#breadcrumb\",\"itemListElement\":[{\"@type\":\"ListItem\",\"position\":1,\"name\":\"Strona g\u0142\u00f3wna\",\"item\":\"https:\\\/\\\/torga.pl\\\/de\\\/home\\\/\"},{\"@type\":\"ListItem\",\"position\":2,\"name\":\"Doarchitekci\"}]},{\"@type\":\"WebSite\",\"@id\":\"https:\\\/\\\/torga.pl\\\/de\\\/#website\",\"url\":\"https:\\\/\\\/torga.pl\\\/de\\\/\",\"name\":\"Torga\",\"description\":\"Projektujemy z pasj\u0105, tworzymy z precyzj\u0105.\",\"potentialAction\":[{\"@type\":\"SearchAction\",\"target\":{\"@type\":\"EntryPoint\",\"urlTemplate\":\"https:\\\/\\\/torga.pl\\\/de\\\/?s={search_term_string}\"},\"query-input\":{\"@type\":\"PropertyValueSpecification\",\"valueRequired\":true,\"valueName\":\"search_term_string\"}}],\"inLanguage\":\"de\"}]}<\/script>\n<!-- \/ Yoast SEO plugin. -->","yoast_head_json":{"title":"Doarchitekci - Torga","robots":{"index":"index","follow":"follow","max-snippet":"max-snippet:-1","max-image-preview":"max-image-preview:large","max-video-preview":"max-video-preview:-1"},"canonical":"https:\/\/torga.pl\/de\/doarchitekci\/","og_locale":"de_DE","og_type":"article","og_title":"Doarchitekci - Torga","og_description":"WIR VERBINDEN UNS TORGA und doarchitekci bilden nun ein Studio mit noch gr\u00f6\u00dferen M\u00f6glichkeiten! Interiors + Architecture in einem Team bedeutet eine gemeinsame Vision, umfassendere Unterst\u00fctzung und Entw\u00fcrfe, die von der Geb\u00e4udestruktur bis ins kleinste Detail entwickelt werden. Eine neue Phase. Eine breitere Perspektive. Dieselbe Qualit\u00e4t. Wir werden Ihnen Anfang n\u00e4chsten Jahres mehr \u00fcber diese [&hellip;]","og_url":"https:\/\/torga.pl\/de\/doarchitekci\/","og_site_name":"Torga","article_modified_time":"2025-12-18T15:19:24+00:00","og_image":[{"width":2560,"height":768,"url":"https:\/\/torga.pl\/wp-content\/uploads\/2025\/12\/baner-do-a-scaled.png","type":"image\/png"}],"twitter_card":"summary_large_image","twitter_misc":{"Gesch\u00e4tzte Lesezeit":"1\u00a0Minute"},"schema":{"@context":"https:\/\/schema.org","@graph":[{"@type":"WebPage","@id":"https:\/\/torga.pl\/de\/doarchitekci\/","url":"https:\/\/torga.pl\/de\/doarchitekci\/","name":"Doarchitekci - Torga","isPartOf":{"@id":"https:\/\/torga.pl\/de\/#website"},"primaryImageOfPage":{"@id":"https:\/\/torga.pl\/de\/doarchitekci\/#primaryimage"},"image":{"@id":"https:\/\/torga.pl\/de\/doarchitekci\/#primaryimage"},"thumbnailUrl":"https:\/\/torga.pl\/wp-content\/uploads\/2025\/12\/baner-do-a-scaled.png","datePublished":"2025-12-05T12:46:54+00:00","dateModified":"2025-12-18T15:19:24+00:00","breadcrumb":{"@id":"https:\/\/torga.pl\/de\/doarchitekci\/#breadcrumb"},"inLanguage":"de","potentialAction":[{"@type":"ReadAction","target":["https:\/\/torga.pl\/de\/doarchitekci\/"]}]},{"@type":"ImageObject","inLanguage":"de","@id":"https:\/\/torga.pl\/de\/doarchitekci\/#primaryimage","url":"https:\/\/torga.pl\/wp-content\/uploads\/2025\/12\/baner-do-a-scaled.png","contentUrl":"https:\/\/torga.pl\/wp-content\/uploads\/2025\/12\/baner-do-a-scaled.png"},{"@type":"BreadcrumbList","@id":"https:\/\/torga.pl\/de\/doarchitekci\/#breadcrumb","itemListElement":[{"@type":"ListItem","position":1,"name":"Strona g\u0142\u00f3wna","item":"https:\/\/torga.pl\/de\/home\/"},{"@type":"ListItem","position":2,"name":"Doarchitekci"}]},{"@type":"WebSite","@id":"https:\/\/torga.pl\/de\/#website","url":"https:\/\/torga.pl\/de\/","name":"Torga","description":"Projektujemy z pasj\u0105, tworzymy z precyzj\u0105.","potentialAction":[{"@type":"SearchAction","target":{"@type":"EntryPoint","urlTemplate":"https:\/\/torga.pl\/de\/?s={search_term_string}"},"query-input":{"@type":"PropertyValueSpecification","valueRequired":true,"valueName":"search_term_string"}}],"inLanguage":"de"}]}},"_links":{"self":[{"href":"https:\/\/torga.pl\/de\/wp-json\/wp\/v2\/pages\/6883","targetHints":{"allow":["GET"]}}],"collection":[{"href":"https:\/\/torga.pl\/de\/wp-json\/wp\/v2\/pages"}],"about":[{"href":"https:\/\/torga.pl\/de\/wp-json\/wp\/v2\/types\/page"}],"author":[{"embeddable":true,"href":"https:\/\/torga.pl\/de\/wp-json\/wp\/v2\/users\/1"}],"replies":[{"embeddable":true,"href":"https:\/\/torga.pl\/de\/wp-json\/wp\/v2\/comments?post=6883"}],"version-history":[{"count":1,"href":"https:\/\/torga.pl\/de\/wp-json\/wp\/v2\/pages\/6883\/revisions"}],"predecessor-version":[{"id":6884,"href":"https:\/\/torga.pl\/de\/wp-json\/wp\/v2\/pages\/6883\/revisions\/6884"}],"wp:attachment":[{"href":"https:\/\/torga.pl\/de\/wp-json\/wp\/v2\/media?parent=6883"}],"curies":[{"name":"wp","href":"https:\/\/api.w.org\/{rel}","templated":true}]}}